{"id":562,"date":"2024-02-14T22:18:02","date_gmt":"2024-02-14T22:18:02","guid":{"rendered":"https:\/\/sevenminds.com\/?page_id=562"},"modified":"2025-09-23T10:26:21","modified_gmt":"2025-09-23T15:26:21","slug":"blog","status":"publish","type":"page","link":"https:\/\/sevenminds.com\/es\/blog\/","title":{"rendered":"Blog"},"content":{"rendered":"[vc_row type=\u00bbfull_width_background\u00bb full_screen_row_position=\u00bbmiddle\u00bb column_margin=\u00bbdefault\u00bb column_direction=\u00bbdefault\u00bb column_direction_tablet=\u00bbdefault\u00bb column_direction_phone=\u00bbdefault\u00bb bg_color=\u00bb#2d89aa\u00bb scene_position=\u00bbcenter\u00bb top_padding=\u00bb3%\u00bb constrain_group_1=\u00bbyes\u00bb bottom_padding=\u00bb3%\u00bb text_color=\u00bblight\u00bb text_align=\u00bbleft\u00bb row_border_radius=\u00bbnone\u00bb row_border_radius_applies=\u00bbbg\u00bb overlay_strength=\u00bb0.3&#8243; gradient_direction=\u00bbleft_to_right\u00bb enable_shape_divider=\u00bbtrue\u00bb shape_divider_position=\u00bbbottom\u00bb shape_divider_height=\u00bb50%\u00bb shape_divider_height_tablet=\u00bb20%\u00bb shape_divider_height_phone=\u00bb20%\u00bb bg_image_animation=\u00bbnone\u00bb shape_type=\u00bbmountains\u00bb][vc_column column_padding=\u00bbno-extra-padding\u00bb column_padding_tablet=\u00bbinherit\u00bb column_padding_phone=\u00bbinherit\u00bb column_padding_position=\u00bball\u00bb column_element_spacing=\u00bbdefault\u00bb centered_text=\u00bbtrue\u00bb background_color_opacity=\u00bb1&#8243; background_hover_color_opacity=\u00bb1&#8243; column_shadow=\u00bbnone\u00bb column_border_radius=\u00bbnone\u00bb column_link_target=\u00bb_self\u00bb gradient_direction=\u00bbleft_to_right\u00bb overlay_strength=\u00bb0.3&#8243; width=\u00bb1\/1&#8243; tablet_width_inherit=\u00bbdefault\u00bb tablet_text_alignment=\u00bbdefault\u00bb phone_text_alignment=\u00bbdefault\u00bb bg_image_animation=\u00bbnone\u00bb border_type=\u00bbsimple\u00bb column_border_width=\u00bbnone\u00bb column_border_style=\u00bbsolid\u00bb][vc_column_text]\n<h1><span style=\"color: #ffffff;\">Casos de \u00e9xito &#8211; novedades, inspiraci\u00f3n y conocimiento clave para tu control y gesti\u00f3n empresarial<\/span><\/h1>\n[\/vc_column_text][vc_column_text max_width=\u00bb800&#8243;]Descubre nuestra secci\u00f3n de art\u00edculos m\u00e1s recientes, donde encontrar\u00e1s tendencias, noticias, nuestros casos de \u00e9xito y blogs relevantes que impulsar\u00e1n la estrategia comercial de tu negocio.<\/p>\n[\/vc_column_text][\/vc_column][\/vc_row][vc_row type=\u00bbin_container\u00bb full_screen_row_position=\u00bbmiddle\u00bb column_margin=\u00bbdefault\u00bb column_direction=\u00bbdefault\u00bb column_direction_tablet=\u00bbdefault\u00bb column_direction_phone=\u00bbdefault\u00bb scene_position=\u00bbcenter\u00bb text_color=\u00bbdark\u00bb text_align=\u00bbleft\u00bb row_border_radius=\u00bbnone\u00bb row_border_radius_applies=\u00bbbg\u00bb overlay_strength=\u00bb0.3&#8243; gradient_direction=\u00bbleft_to_right\u00bb shape_divider_position=\u00bbbottom\u00bb bg_image_animation=\u00bbnone\u00bb][vc_column column_padding=\u00bbno-extra-padding\u00bb column_padding_tablet=\u00bbinherit\u00bb column_padding_phone=\u00bbinherit\u00bb column_padding_position=\u00bball\u00bb column_element_spacing=\u00bbdefault\u00bb background_color_opacity=\u00bb1&#8243; background_hover_color_opacity=\u00bb1&#8243; column_shadow=\u00bbnone\u00bb column_border_radius=\u00bbnone\u00bb column_link_target=\u00bb_self\u00bb gradient_direction=\u00bbleft_to_right\u00bb overlay_strength=\u00bb0.3&#8243; width=\u00bb1\/1&#8243; tablet_width_inherit=\u00bbdefault\u00bb tablet_text_alignment=\u00bbdefault\u00bb phone_text_alignment=\u00bbdefault\u00bb bg_image_animation=\u00bbnone\u00bb border_type=\u00bbsimple\u00bb column_border_width=\u00bbnone\u00bb column_border_style=\u00bbsolid\u00bb][nectar_blog layout=\u00bbstd-blog-fullwidth\u00bb blog_standard_style=\u00bbinherit\u00bb load_in_animation=\u00bbnone\u00bb category=\u00bball\u00bb order=\u00bbDESC\u00bb orderby=\u00bbdate\u00bb blog_remove_post_date=\u00bbtrue\u00bb blog_remove_post_author=\u00bbtrue\u00bb blog_remove_post_comment_number=\u00bbtrue\u00bb blog_remove_post_nectar_love=\u00bbtrue\u00bb][\/vc_column][\/vc_row][vc_row type=\u00bbfull_width_background\u00bb full_screen_row_position=\u00bbmiddle\u00bb column_margin=\u00bbdefault\u00bb equal_height=\u00bbyes\u00bb content_placement=\u00bbmiddle\u00bb column_direction=\u00bbdefault\u00bb column_direction_tablet=\u00bbdefault\u00bb column_direction_phone=\u00bbdefault\u00bb scene_position=\u00bbcenter\u00bb top_padding=\u00bb3%\u00bb constrain_group_1=\u00bbyes\u00bb bottom_padding=\u00bb3%\u00bb text_color=\u00bbdark\u00bb text_align=\u00bbleft\u00bb row_border_radius=\u00bbnone\u00bb row_border_radius_applies=\u00bbbg\u00bb id=\u00bbdemo\u00bb enable_gradient=\u00bbtrue\u00bb color_overlay=\u00bb#edf7f9&#8243; color_overlay_2=\u00bb#82b9cd\u00bb overlay_strength=\u00bb0.8&#8243; gradient_direction=\u00bbleft_to_right\u00bb shape_divider_position=\u00bbbottom\u00bb bg_image_animation=\u00bbnone\u00bb shape_type=\u00bb\u00bb][vc_column column_padding=\u00bbpadding-4-percent\u00bb column_padding_tablet=\u00bbno-extra-padding\u00bb column_padding_phone=\u00bbno-extra-padding\u00bb column_padding_position=\u00bbright\u00bb column_element_spacing=\u00bbdefault\u00bb background_color_opacity=\u00bb1&#8243; background_hover_color_opacity=\u00bb1&#8243; column_shadow=\u00bbnone\u00bb column_border_radius=\u00bbnone\u00bb column_link_target=\u00bb_self\u00bb gradient_direction=\u00bbleft_to_right\u00bb overlay_strength=\u00bb0.3&#8243; width=\u00bb1\/2&#8243; tablet_width_inherit=\u00bbdefault\u00bb tablet_text_alignment=\u00bbdefault\u00bb phone_text_alignment=\u00bbdefault\u00bb bg_image_animation=\u00bbnone\u00bb border_type=\u00bbsimple\u00bb column_border_width=\u00bbnone\u00bb column_border_style=\u00bbsolid\u00bb][vc_custom_heading text=\u00bbSolicita tu demo\u00bb font_container=\u00bbtag:h3|text_align:left|color:%23001f2f\u00bb use_theme_fonts=\u00bbyes\u00bb css=\u00bb.vc_custom_1702408202532{margin-bottom: 20px !important;}\u00bb][vc_column_text css_animation=\u00bbnone\u00bb]Si deseas solicitar una demo, ser contactado por uno de nuestros expertos o pedir un diagn\u00f3stico de tu proyecto, env\u00edanos tus datos y te responderemos a la mayor brevedad.[\/vc_column_text][\/vc_column][vc_column column_padding=\u00bbno-extra-padding\u00bb column_padding_tablet=\u00bbinherit\u00bb column_padding_phone=\u00bbinherit\u00bb column_padding_position=\u00bball\u00bb column_element_spacing=\u00bbdefault\u00bb background_color=\u00bb#ffffff\u00bb background_color_opacity=\u00bb1&#8243; background_hover_color_opacity=\u00bb1&#8243; column_shadow=\u00bbsmall_depth\u00bb column_border_radius=\u00bb15px\u00bb column_link_target=\u00bb_self\u00bb enable_gradient=\u00bbtrue\u00bb gradient_direction=\u00bbleft_to_right\u00bb overlay_strength=\u00bb0.3&#8243; width=\u00bb1\/2&#8243; tablet_width_inherit=\u00bbdefault\u00bb tablet_text_alignment=\u00bbdefault\u00bb phone_text_alignment=\u00bbdefault\u00bb bg_image_animation=\u00bbnone\u00bb border_type=\u00bbsimple\u00bb column_border_width=\u00bbnone\u00bb][vc_raw_html]PHNjcmlwdCB0eXBlPSJ0ZXh0L2phdmFzY3JpcHQiIHNyYz0iaHR0cHM6Ly9mb3JtLmpvdGZvcm0uY29tL2pzZm9ybS8yMzM0MDM0NTY1OTk2NjYiPjwvc2NyaXB0Pg==[\/vc_raw_html][\/vc_column][\/vc_row]\n","protected":false},"excerpt":{"rendered":"<p>[vc_row type=\u00bbfull_width_background\u00bb full_screen_row_position=\u00bbmiddle\u00bb column_margin=\u00bbdefault\u00bb column_direction=\u00bbdefault\u00bb column_direction_tablet=\u00bbdefault\u00bb column_direction_phone=\u00bbdefault\u00bb bg_color=\u00bb#2d89aa\u00bb scene_position=\u00bbcenter\u00bb top_padding=\u00bb3%\u00bb constrain_group_1=\u00bbyes\u00bb bottom_padding=\u00bb3%\u00bb text_color=\u00bblight\u00bb text_align=\u00bbleft\u00bb row_border_radius=\u00bbnone\u00bb row_border_radius_applies=\u00bbbg\u00bb overlay_strength=\u00bb0.3&#8243; gradient_direction=\u00bbleft_to_right\u00bb enable_shape_divider=\u00bbtrue\u00bb shape_divider_position=\u00bbbottom\u00bb shape_divider_height=\u00bb50%\u00bb shape_divider_height_tablet=\u00bb20%\u00bb shape_divider_height_phone=\u00bb20%\u00bb bg_image_animation=\u00bbnone\u00bb shape_type=\u00bbmountains\u00bb][vc_column column_padding=\u00bbno-extra-padding\u00bb column_padding_tablet=\u00bbinherit\u00bb column_padding_phone=\u00bbinherit\u00bb column_padding_position=\u00bball\u00bb column_element_spacing=\u00bbdefault\u00bb centered_text=\u00bbtrue\u00bb background_color_opacity=\u00bb1&#8243; background_hover_color_opacity=\u00bb1&#8243; column_shadow=\u00bbnone\u00bb column_border_radius=\u00bbnone\u00bb column_link_target=\u00bb_self\u00bb gradient_direction=\u00bbleft_to_right\u00bb overlay_strength=\u00bb0.3&#8243; width=\u00bb1\/1&#8243; tablet_width_inherit=\u00bbdefault\u00bb tablet_text_alignment=\u00bbdefault\u00bb phone_text_alignment=\u00bbdefault\u00bb bg_image_animation=\u00bbnone\u00bb border_type=\u00bbsimple\u00bb column_border_width=\u00bbnone\u00bb column_border_style=\u00bbsolid\u00bb][vc_column_text] Casos de \u00e9xito &#8211;&#8230;<\/p>\n","protected":false},"author":5,"featured_media":0,"parent":0,"menu_order":0,"comment_status":"closed","ping_status":"closed","template":"","meta":{"inline_featured_image":false,"footnotes":""},"class_list":["post-562","page","type-page","status-publish"],"yoast_head":"<!-- This site is optimized with the Yoast SEO plugin v27.4 - https:\/\/yoast.com\/product\/yoast-seo-wordpress\/ -->\n<title>Casos de \u00e9xito, noticias y tips de negocio de Sevenminds<\/title>\n<meta name=\"description\" content=\"Casos de \u00e9xito, noticias y tips de negocio de Store Check, Visita M\u00e9dica, Control de la Fuerza de Ventas en Campo y Trade Marketing\" \/>\n<meta name=\"robots\" content=\"index, follow, max-snippet:-1, max-image-preview:large, max-video-preview:-1\" \/>\n<link rel=\"canonical\" href=\"https:\/\/sevenminds.com\/es\/blog\/\" \/>\n<meta property=\"og:locale\" content=\"es_ES\" \/>\n<meta property=\"og:type\" content=\"article\" \/>\n<meta property=\"og:title\" content=\"Casos de \u00e9xito, noticias y tips de negocio de Sevenminds\" \/>\n<meta property=\"og:description\" content=\"Casos de \u00e9xito, noticias y tips de negocio de Store Check, Visita M\u00e9dica, Control de la Fuerza de Ventas en Campo y Trade Marketing\" \/>\n<meta property=\"og:url\" content=\"https:\/\/sevenminds.com\/es\/blog\/\" \/>\n<meta property=\"og:site_name\" content=\"SevenMinds\" \/>\n<meta property=\"article:modified_time\" content=\"2025-09-23T15:26:21+00:00\" \/>\n<meta name=\"twitter:card\" content=\"summary_large_image\" \/>\n<meta name=\"twitter:label1\" content=\"Tiempo de lectura\" \/>\n\t<meta name=\"twitter:data1\" content=\"2 minutos\" \/>\n<script type=\"application\/ld+json\" class=\"yoast-schema-graph\">{\"@context\":\"https:\\\/\\\/schema.org\",\"@graph\":[{\"@type\":\"WebPage\",\"@id\":\"https:\\\/\\\/sevenminds.com\\\/es\\\/blog\\\/\",\"url\":\"https:\\\/\\\/sevenminds.com\\\/es\\\/blog\\\/\",\"name\":\"Casos de \u00e9xito, noticias y tips de negocio de Sevenminds\",\"isPartOf\":{\"@id\":\"https:\\\/\\\/sevenminds.com\\\/#website\"},\"datePublished\":\"2024-02-14T22:18:02+00:00\",\"dateModified\":\"2025-09-23T15:26:21+00:00\",\"description\":\"Casos de \u00e9xito, noticias y tips de negocio de Store Check, Visita M\u00e9dica, Control de la Fuerza de Ventas en Campo y Trade Marketing\",\"breadcrumb\":{\"@id\":\"https:\\\/\\\/sevenminds.com\\\/es\\\/blog\\\/#breadcrumb\"},\"inLanguage\":\"es\",\"potentialAction\":[{\"@type\":\"ReadAction\",\"target\":[\"https:\\\/\\\/sevenminds.com\\\/es\\\/blog\\\/\"]}]},{\"@type\":\"BreadcrumbList\",\"@id\":\"https:\\\/\\\/sevenminds.com\\\/es\\\/blog\\\/#breadcrumb\",\"itemListElement\":[{\"@type\":\"ListItem\",\"position\":1,\"name\":\"Inicio\",\"item\":\"https:\\\/\\\/sevenminds.com\\\/es\\\/\"},{\"@type\":\"ListItem\",\"position\":2,\"name\":\"Blog\"}]},{\"@type\":\"WebSite\",\"@id\":\"https:\\\/\\\/sevenminds.com\\\/#website\",\"url\":\"https:\\\/\\\/sevenminds.com\\\/\",\"name\":\"Sevenminds\",\"description\":\"Your SUPER-powered WP Engine Site\",\"publisher\":{\"@id\":\"https:\\\/\\\/sevenminds.com\\\/#organization\"},\"potentialAction\":[{\"@type\":\"SearchAction\",\"target\":{\"@type\":\"EntryPoint\",\"urlTemplate\":\"https:\\\/\\\/sevenminds.com\\\/?s={search_term_string}\"},\"query-input\":{\"@type\":\"PropertyValueSpecification\",\"valueRequired\":true,\"valueName\":\"search_term_string\"}}],\"inLanguage\":\"es\"},{\"@type\":\"Organization\",\"@id\":\"https:\\\/\\\/sevenminds.com\\\/#organization\",\"name\":\"SevenMinds\",\"url\":\"https:\\\/\\\/sevenminds.com\\\/\",\"logo\":{\"@type\":\"ImageObject\",\"inLanguage\":\"es\",\"@id\":\"https:\\\/\\\/sevenminds.com\\\/#\\\/schema\\\/logo\\\/image\\\/\",\"url\":\"https:\\\/\\\/sevenminds.com\\\/wp-content\\\/uploads\\\/2023\\\/10\\\/Logo-Sevenminds-azul.svg\",\"contentUrl\":\"https:\\\/\\\/sevenminds.com\\\/wp-content\\\/uploads\\\/2023\\\/10\\\/Logo-Sevenminds-azul.svg\",\"width\":\"1024\",\"height\":\"1024\",\"caption\":\"SevenMinds\"},\"image\":{\"@id\":\"https:\\\/\\\/sevenminds.com\\\/#\\\/schema\\\/logo\\\/image\\\/\"},\"sameAs\":[\"https:\\\/\\\/www.linkedin.com\\\/company\\\/sevenminds\\\/\",\"https:\\\/\\\/www.youtube.com\\\/@MySevenmindsMobile\"]}]}<\/script>\n<!-- \/ Yoast SEO plugin. -->","yoast_head_json":{"title":"Casos de \u00e9xito, noticias y tips de negocio de Sevenminds","description":"Casos de \u00e9xito, noticias y tips de negocio de Store Check, Visita M\u00e9dica, Control de la Fuerza de Ventas en Campo y Trade Marketing","robots":{"index":"index","follow":"follow","max-snippet":"max-snippet:-1","max-image-preview":"max-image-preview:large","max-video-preview":"max-video-preview:-1"},"canonical":"https:\/\/sevenminds.com\/es\/blog\/","og_locale":"es_ES","og_type":"article","og_title":"Casos de \u00e9xito, noticias y tips de negocio de Sevenminds","og_description":"Casos de \u00e9xito, noticias y tips de negocio de Store Check, Visita M\u00e9dica, Control de la Fuerza de Ventas en Campo y Trade Marketing","og_url":"https:\/\/sevenminds.com\/es\/blog\/","og_site_name":"SevenMinds","article_modified_time":"2025-09-23T15:26:21+00:00","twitter_card":"summary_large_image","twitter_misc":{"Tiempo de lectura":"2 minutos"},"schema":{"@context":"https:\/\/schema.org","@graph":[{"@type":"WebPage","@id":"https:\/\/sevenminds.com\/es\/blog\/","url":"https:\/\/sevenminds.com\/es\/blog\/","name":"Casos de \u00e9xito, noticias y tips de negocio de Sevenminds","isPartOf":{"@id":"https:\/\/sevenminds.com\/#website"},"datePublished":"2024-02-14T22:18:02+00:00","dateModified":"2025-09-23T15:26:21+00:00","description":"Casos de \u00e9xito, noticias y tips de negocio de Store Check, Visita M\u00e9dica, Control de la Fuerza de Ventas en Campo y Trade Marketing","breadcrumb":{"@id":"https:\/\/sevenminds.com\/es\/blog\/#breadcrumb"},"inLanguage":"es","potentialAction":[{"@type":"ReadAction","target":["https:\/\/sevenminds.com\/es\/blog\/"]}]},{"@type":"BreadcrumbList","@id":"https:\/\/sevenminds.com\/es\/blog\/#breadcrumb","itemListElement":[{"@type":"ListItem","position":1,"name":"Inicio","item":"https:\/\/sevenminds.com\/es\/"},{"@type":"ListItem","position":2,"name":"Blog"}]},{"@type":"WebSite","@id":"https:\/\/sevenminds.com\/#website","url":"https:\/\/sevenminds.com\/","name":"Sevenminds","description":"Your SUPER-powered WP Engine Site","publisher":{"@id":"https:\/\/sevenminds.com\/#organization"},"potentialAction":[{"@type":"SearchAction","target":{"@type":"EntryPoint","urlTemplate":"https:\/\/sevenminds.com\/?s={search_term_string}"},"query-input":{"@type":"PropertyValueSpecification","valueRequired":true,"valueName":"search_term_string"}}],"inLanguage":"es"},{"@type":"Organization","@id":"https:\/\/sevenminds.com\/#organization","name":"SevenMinds","url":"https:\/\/sevenminds.com\/","logo":{"@type":"ImageObject","inLanguage":"es","@id":"https:\/\/sevenminds.com\/#\/schema\/logo\/image\/","url":"https:\/\/sevenminds.com\/wp-content\/uploads\/2023\/10\/Logo-Sevenminds-azul.svg","contentUrl":"https:\/\/sevenminds.com\/wp-content\/uploads\/2023\/10\/Logo-Sevenminds-azul.svg","width":"1024","height":"1024","caption":"SevenMinds"},"image":{"@id":"https:\/\/sevenminds.com\/#\/schema\/logo\/image\/"},"sameAs":["https:\/\/www.linkedin.com\/company\/sevenminds\/","https:\/\/www.youtube.com\/@MySevenmindsMobile"]}]}},"featured_image_src":null,"featured_image_src_square":null,"_links":{"self":[{"href":"https:\/\/sevenminds.com\/es\/wp-json\/wp\/v2\/pages\/562","targetHints":{"allow":["GET"]}}],"collection":[{"href":"https:\/\/sevenminds.com\/es\/wp-json\/wp\/v2\/pages"}],"about":[{"href":"https:\/\/sevenminds.com\/es\/wp-json\/wp\/v2\/types\/page"}],"author":[{"embeddable":true,"href":"https:\/\/sevenminds.com\/es\/wp-json\/wp\/v2\/users\/5"}],"replies":[{"embeddable":true,"href":"https:\/\/sevenminds.com\/es\/wp-json\/wp\/v2\/comments?post=562"}],"version-history":[{"count":0,"href":"https:\/\/sevenminds.com\/es\/wp-json\/wp\/v2\/pages\/562\/revisions"}],"wp:attachment":[{"href":"https:\/\/sevenminds.com\/es\/wp-json\/wp\/v2\/media?parent=562"}],"curies":[{"name":"wp","href":"https:\/\/api.w.org\/{rel}","templated":true}]}}